{"id":308,"date":"2016-08-24T09:50:02","date_gmt":"2016-08-24T08:50:02","guid":{"rendered":"http:\/\/mco-asbl.be\/?page_id=308"},"modified":"2024-05-31T11:33:26","modified_gmt":"2024-05-31T09:33:26","slug":"liens","status":"publish","type":"page","link":"https:\/\/mco-asbl.be\/index.php\/liens\/","title":{"rendered":"Liens"},"content":{"rendered":"<p style=\"text-align: justify;\"><a href=\"http:\/\/mco-asbl.be\/wp-content\/uploads\/2016\/08\/pourquoi-des-orgues.pdf\" target=\"_blank\" rel=\"noopener\">Pourquoi des orgues dans l&rsquo;\u00e9glise Notre-Dame des Gr\u00e2ces du Chant d&rsquo;Oiseau ?<\/a> (document de 1981) <a href=\"http:\/\/www.orgues.irisnet.be\/fr\/DetailOrgue\/180\/Orgue-moderne--au-sol--Kleuker--1981.rvb\" target=\"_blank\" rel=\"noopener\"><br \/>\nCaract\u00e9ristiques techniques de l&rsquo;orgue du chant d&rsquo;oiseau<\/a><br \/>\n<a href=\"http:\/\/mco-asbl.be\/wp-content\/uploads\/2016\/08\/pourquoi-des-orgues.pdf\" target=\"_blank\" rel=\"noopener\">\u00c9tude de l&rsquo;environnement sonore de l&rsquo;orgue du Chant d&rsquo;Oiseau<\/a> (document de 1978)<\/p>\n<p style=\"text-align: justify;\"><a href=\"http:\/\/mco-asbl.be\/wp-content\/uploads\/2016\/08\/fonctionnement-orgue.pdf\"> Sch\u00e9ma de fonctionnement d&rsquo;un orgue<\/a><\/p>\n<p><a href=\"http:\/\/www.orgues.irisnet.be\/\" target=\"_blank\" rel=\"noopener\">Orgues en r\u00e9gion de Bruxelles Capitale<\/a><br \/>\n<a href=\"http:\/\/union-wallonne-organistes.wifeo.com\/\" target=\"_blank\" rel=\"noopener\">Union Wallonne des Organistes<\/a><\/p>\n<p>&nbsp;<\/p>\n<p>ASBL Musique au Chant d&rsquo;Oiseau\u00a0d\u00e9veloppe\u00a0un partenariat avec<\/p>\n<p><a href=\"http:\/\/www.organum-novum.org.\">Organum Novum<\/a><\/p>\n","protected":false},"excerpt":{"rendered":"<p>Pourquoi des orgues dans l&rsquo;\u00e9glise Notre-Dame des Gr\u00e2ces du Chant d&rsquo;Oiseau ? (document de 1981) Caract\u00e9ristiques techniques de l&rsquo;orgue du chant d&rsquo;oiseau \u00c9tude de l&rsquo;environnement sonore de l&rsquo;orgue du Chant d&rsquo;Oiseau (document de 1978) Sch\u00e9ma de fonctionnement d&rsquo;un orgue Orgues en r\u00e9gion de Bruxelles Capitale Union Wallonne des Organistes &nbsp; ASBL Musique au Chant d&rsquo;Oiseau\u00a0d\u00e9veloppe\u00a0un &hellip; <a href=\"https:\/\/mco-asbl.be\/index.php\/liens\/\" class=\"more-link\">Continuer la lecture<span class=\"screen-reader-text\"> de &laquo;&nbsp;Liens&nbsp;&raquo;<\/span><\/a><\/p>\n","protected":false},"author":2,"featured_media":0,"parent":0,"menu_order":0,"comment_status":"closed","ping_status":"closed","template":"","meta":{"footnotes":""},"class_list":["post-308","page","type-page","status-publish","hentry"],"jetpack_sharing_enabled":true,"_links":{"self":[{"href":"https:\/\/mco-asbl.be\/index.php\/wp-json\/wp\/v2\/pages\/308","targetHints":{"allow":["GET"]}}],"collection":[{"href":"https:\/\/mco-asbl.be\/index.php\/wp-json\/wp\/v2\/pages"}],"about":[{"href":"https:\/\/mco-asbl.be\/index.php\/wp-json\/wp\/v2\/types\/page"}],"author":[{"embeddable":true,"href":"https:\/\/mco-asbl.be\/index.php\/wp-json\/wp\/v2\/users\/2"}],"replies":[{"embeddable":true,"href":"https:\/\/mco-asbl.be\/index.php\/wp-json\/wp\/v2\/comments?post=308"}],"version-history":[{"count":18,"href":"https:\/\/mco-asbl.be\/index.php\/wp-json\/wp\/v2\/pages\/308\/revisions"}],"predecessor-version":[{"id":719,"href":"https:\/\/mco-asbl.be\/index.php\/wp-json\/wp\/v2\/pages\/308\/revisions\/719"}],"wp:attachment":[{"href":"https:\/\/mco-asbl.be\/index.php\/wp-json\/wp\/v2\/media?parent=308"}],"curies":[{"name":"wp","href":"https:\/\/api.w.org\/{rel}","templated":true}]}}