{"id":25,"date":"2016-08-01T09:05:57","date_gmt":"2016-08-01T08:05:57","guid":{"rendered":"http:\/\/mco-asbl.be\/?page_id=25"},"modified":"2024-08-01T18:54:13","modified_gmt":"2024-08-01T16:54:13","slug":"contact","status":"publish","type":"page","link":"https:\/\/mco-asbl.be\/index.php\/contact\/","title":{"rendered":"Contact"},"content":{"rendered":"<h3><strong>Musique au Chant d&rsquo;Oiseau asbl<\/strong><\/h3>\n<p><strong>Avenue du Chant d&rsquo;Oiseau, 2<\/strong><br \/>\n<strong> B-1150 Woluwe-Saint-Pierre<\/strong><\/p>\n<p><strong>E-mail :\u00a0<\/strong><a href=\"mailto:asbl.macdo@gmail.com\">MCOasbl@proximus.be<\/a><\/p>\n<p><strong>Num\u00e9ro d\u2019entreprise :<\/strong> BE 0418.947.354<\/p>\n<p style=\"text-align: left;\"><strong>Compte bancaire :<\/strong><br \/>\nIBAN : BE53 2100 3266 0053<br \/>\nBIC : GEBABEBB<\/p>\n<p><iframe loading=\"lazy\" style=\"border: 0px currentColor;\" src=\"https:\/\/www.google.com\/maps\/embed?pb=!1m18!1m12!1m3!1d2520.2094848010056!2d4.416375815103722!3d50.827283568022175!2m3!1f0!2f0!3f0!3m2!1i1024!2i768!4f13.1!3m3!1m2!1s0x47c3db462d3d3a47%3A0xa1817499e72e3e5f!2sAv.+du+Chant+d'Oiseau+Vogelzang+2%2C+1150+Woluwe-Saint-Pierre!5e0!3m2!1sfr!2sbe!4v1471353105243\" width=\"400\" height=\"300\" frameborder=\"0\" allowfullscreen=\"allowfullscreen\"><\/iframe><\/p>\n<p><strong>STIB :<\/strong> Bus 36, arr\u00eat Chant d&rsquo;Oiseau (ligne Schumann &#8211; Stockel &#8211; Konkel)<\/p>\n<p><img loading=\"lazy\" decoding=\"async\" class=\"alignnone wp-image-416\" src=\"http:\/\/mco-asbl.be\/wp-content\/uploads\/2016\/08\/transportMCO-300x197.jpg\" alt=\"transportMCO\" width=\"393\" height=\"258\" srcset=\"https:\/\/mco-asbl.be\/wp-content\/uploads\/2016\/08\/transportMCO-300x197.jpg 300w, https:\/\/mco-asbl.be\/wp-content\/uploads\/2016\/08\/transportMCO-400x262.jpg 400w, https:\/\/mco-asbl.be\/wp-content\/uploads\/2016\/08\/transportMCO.jpg 526w\" sizes=\"auto, (max-width: 393px) 85vw, 393px\" \/><\/p>\n<h3><\/h3>\n<h3>Administrateurs<\/h3>\n<p style=\"font-weight: 400;\">\n<p style=\"font-weight: 400;\">Jacques GIROUL, Administrateur d\u00e9l\u00e9gu\u00e9<\/p>\n<p style=\"font-weight: 400;\">Jean\u00a0 GOEMAERE, Pr\u00e9sident<\/p>\n<p style=\"font-weight: 400;\">Fran\u00e7oise IWEINS, Secr\u00e9taire-tr\u00e9sori\u00e8re<\/p>\n<p style=\"font-weight: 400;\">Ignace MICHIELS, Administrateur<\/p>\n<p style=\"font-weight: 400;\">Danielle PIANA, Directrice Artistique<\/p>\n<p style=\"font-weight: 400;\">Carl VERBRAEKEN, Administrateur<\/p>\n<p style=\"font-weight: 400;\">Rapha\u00ebl WILTGEN, Conservateur<\/p>\n<p style=\"font-weight: 400;\"><strong>\u00a0<\/strong><\/p>\n<h3>Construction du site<\/h3>\n<p style=\"text-align: left;\"><span style=\"text-decoration: underline;\">Photos<\/span> : Georges PIANA, Francis GIVRON, Dominiek LUST<br \/>\n<span style=\"text-decoration: underline;\">Textes<\/span> : Guy EUG\u00c8NE, Francis GIVRON, Danielle PIANA, Michel SOUMOY<br \/>\n<span style=\"text-decoration: underline;\">Traductions NL<\/span> : Carl VERBRAEKEN<br \/>\n<span style=\"text-decoration: underline;\">Conception du site<\/span> : Francis GIVRON, V\u00e9ronique LAURENT<\/p>\n<p><em>Un site r\u00e9alis\u00e9 en WordPress\u00a0 &#8211; Contact site : <a href=\"mailto:bisengo@outlook.com\">bisengo@outlook.com<\/a><br \/>\n<\/em><\/p>\n","protected":false},"excerpt":{"rendered":"<p>Musique au Chant d&rsquo;Oiseau asbl Avenue du Chant d&rsquo;Oiseau, 2 B-1150 Woluwe-Saint-Pierre E-mail :\u00a0MCOasbl@proximus.be Num\u00e9ro d\u2019entreprise : BE 0418.947.354 Compte bancaire : IBAN : BE53 2100 3266 0053 BIC : GEBABEBB STIB : Bus 36, arr\u00eat Chant d&rsquo;Oiseau (ligne Schumann &#8211; Stockel &#8211; Konkel) Administrateurs Jacques GIROUL, Administrateur d\u00e9l\u00e9gu\u00e9 Jean\u00a0 GOEMAERE, Pr\u00e9sident Fran\u00e7oise IWEINS, Secr\u00e9taire-tr\u00e9sori\u00e8re &hellip; <a href=\"https:\/\/mco-asbl.be\/index.php\/contact\/\" class=\"more-link\">Continuer la lecture<span class=\"screen-reader-text\"> de &laquo;&nbsp;Contact&nbsp;&raquo;<\/span><\/a><\/p>\n","protected":false},"author":2,"featured_media":0,"parent":0,"menu_order":0,"comment_status":"closed","ping_status":"closed","template":"","meta":{"footnotes":""},"class_list":["post-25","page","type-page","status-publish","hentry"],"jetpack_sharing_enabled":true,"_links":{"self":[{"href":"https:\/\/mco-asbl.be\/index.php\/wp-json\/wp\/v2\/pages\/25","targetHints":{"allow":["GET"]}}],"collection":[{"href":"https:\/\/mco-asbl.be\/index.php\/wp-json\/wp\/v2\/pages"}],"about":[{"href":"https:\/\/mco-asbl.be\/index.php\/wp-json\/wp\/v2\/types\/page"}],"author":[{"embeddable":true,"href":"https:\/\/mco-asbl.be\/index.php\/wp-json\/wp\/v2\/users\/2"}],"replies":[{"embeddable":true,"href":"https:\/\/mco-asbl.be\/index.php\/wp-json\/wp\/v2\/comments?post=25"}],"version-history":[{"count":72,"href":"https:\/\/mco-asbl.be\/index.php\/wp-json\/wp\/v2\/pages\/25\/revisions"}],"predecessor-version":[{"id":1489,"href":"https:\/\/mco-asbl.be\/index.php\/wp-json\/wp\/v2\/pages\/25\/revisions\/1489"}],"wp:attachment":[{"href":"https:\/\/mco-asbl.be\/index.php\/wp-json\/wp\/v2\/media?parent=25"}],"curies":[{"name":"wp","href":"https:\/\/api.w.org\/{rel}","templated":true}]}}