{"id":12,"date":"2016-08-01T08:58:26","date_gmt":"2016-08-01T07:58:26","guid":{"rendered":"http:\/\/mco-asbl.be\/?page_id=12"},"modified":"2024-05-31T11:33:26","modified_gmt":"2024-05-31T09:33:26","slug":"accueil","status":"publish","type":"page","link":"https:\/\/mco-asbl.be\/","title":{"rendered":"Accueil"},"content":{"rendered":"<p style=\"text-align: justify;\"><img loading=\"lazy\" decoding=\"async\" class=\"wp-image-48 alignleft\" src=\"http:\/\/mco-asbl.be\/wp-content\/uploads\/2016\/07\/cropped-cropped-bird-1-1.png\" alt=\"cropped-cropped-bird-1-1.png\" width=\"240\" height=\"211\" \/> Bienvenue sur le site de l&rsquo;asbl Musique au Chant d&rsquo;Oiseau.<\/p>\n<p style=\"text-align: justify;\">Notre association<span style=\"font-size: medium;\">\u00a0a pour but, la promotion de la musique sous toutes ses formes, notamment en concourant \u00e0 l\u2019utilisation d\u2019orgues dans l\u2019\u00e9glise du Chant d\u2019Oiseau, \u00e0 Woluw\u00e9-Saint-Pierre. <\/span><\/p>\n<p style=\"text-align: justify;\"><span style=\"font-size: medium;\">Ce magnifique\u00a0orgue a une triple vocation\u00a0: l\u2019animation des offices liturgiques dans cette \u00e9glise, l\u2019enseignement et l\u2019organisation d\u2019activit\u00e9s musicales \u00e0 caract\u00e8re culturel. <\/span><\/p>\n<p style=\"text-align: justify;\"><span style=\"font-size: medium;\">L\u2019association peut \u00e9galement organiser toutes autres activit\u00e9s \u00e0 caract\u00e8re culturel. <\/span><\/p>\n<p style=\"text-align: justify;\">Le Grand Orgue du Chant d&rsquo;Oiseau, construit en 1981, repr\u00e9sente deux oiseaux en parade nuptiale dans des boiseries aux tons contrast\u00e9s du fr\u00e8ne et de l&rsquo;acajou.<\/p>\n<p style=\"text-align: justify;\">D\u00e9couvrez sur ce site des <a href=\"http:\/\/mco-asbl.be\/index.php\/orgue\/\">informations relatives \u00e0 l&rsquo;Orgue<\/a>, <a href=\"http:\/\/mco-asbl.be\/index.php\/agenda\/\">l&rsquo;agenda des concerts<\/a>, des <a href=\"http:\/\/mco-asbl.be\/index.php\/photos\/\">photos<\/a> et bien d&rsquo;autres choses encore. Bonne visite !<\/p>\n","protected":false},"excerpt":{"rendered":"<p>Bienvenue sur le site de l&rsquo;asbl Musique au Chant d&rsquo;Oiseau. Notre association\u00a0a pour but, la promotion de la musique sous toutes ses formes, notamment en concourant \u00e0 l\u2019utilisation d\u2019orgues dans l\u2019\u00e9glise du Chant d\u2019Oiseau, \u00e0 Woluw\u00e9-Saint-Pierre. Ce magnifique\u00a0orgue a une triple vocation\u00a0: l\u2019animation des offices liturgiques dans cette \u00e9glise, l\u2019enseignement et l\u2019organisation d\u2019activit\u00e9s musicales \u00e0 &hellip; <a href=\"https:\/\/mco-asbl.be\/\" class=\"more-link\">Continuer la lecture<span class=\"screen-reader-text\"> de &laquo;&nbsp;Accueil&nbsp;&raquo;<\/span><\/a><\/p>\n","protected":false},"author":2,"featured_media":0,"parent":0,"menu_order":0,"comment_status":"closed","ping_status":"closed","template":"","meta":{"footnotes":""},"class_list":["post-12","page","type-page","status-publish","hentry"],"jetpack_sharing_enabled":true,"_links":{"self":[{"href":"https:\/\/mco-asbl.be\/index.php\/wp-json\/wp\/v2\/pages\/12","targetHints":{"allow":["GET"]}}],"collection":[{"href":"https:\/\/mco-asbl.be\/index.php\/wp-json\/wp\/v2\/pages"}],"about":[{"href":"https:\/\/mco-asbl.be\/index.php\/wp-json\/wp\/v2\/types\/page"}],"author":[{"embeddable":true,"href":"https:\/\/mco-asbl.be\/index.php\/wp-json\/wp\/v2\/users\/2"}],"replies":[{"embeddable":true,"href":"https:\/\/mco-asbl.be\/index.php\/wp-json\/wp\/v2\/comments?post=12"}],"version-history":[{"count":33,"href":"https:\/\/mco-asbl.be\/index.php\/wp-json\/wp\/v2\/pages\/12\/revisions"}],"predecessor-version":[{"id":1511,"href":"https:\/\/mco-asbl.be\/index.php\/wp-json\/wp\/v2\/pages\/12\/revisions\/1511"}],"wp:attachment":[{"href":"https:\/\/mco-asbl.be\/index.php\/wp-json\/wp\/v2\/media?parent=12"}],"curies":[{"name":"wp","href":"https:\/\/api.w.org\/{rel}","templated":true}]}}